{"id":1972,"date":"2025-06-19T20:37:44","date_gmt":"2025-06-19T18:37:44","guid":{"rendered":"https:\/\/www.trullidivenere.it\/?page_id=1972"},"modified":"2025-06-19T20:43:49","modified_gmt":"2025-06-19T18:43:49","slug":"privacy-policy-2","status":"publish","type":"page","link":"https:\/\/www.trullidivenere.it\/en\/privacy-policy-2\/","title":{"rendered":"Privacy Policy"},"content":{"rendered":"<div data-elementor-type=\"wp-page\" data-elementor-id=\"1972\" class=\"elementor elementor-1972\" data-elementor-post-type=\"page\">\n\t\t\t\t<div class=\"elementor-element elementor-element-919daa3 e-flex e-con-boxed e-con e-parent\" data-id=\"919daa3\" data-element_type=\"container\" data-settings=\"{&quot;hoteller_ext_is_background_parallax&quot;:&quot;false&quot;,&quot;hoteller_ext_is_background_backdrop&quot;:&quot;false&quot;,&quot;hoteller_ext_is_background_on_scroll&quot;:&quot;false&quot;,&quot;hoteller_ext_link_sidemenu&quot;:&quot;false&quot;,&quot;hoteller_ext_link_fullmenu&quot;:&quot;false&quot;,&quot;hoteller_ext_link_closed_fullmenu&quot;:&quot;false&quot;,&quot;hoteller_ext_is_scrollme&quot;:&quot;false&quot;,&quot;hoteller_ext_is_smoove&quot;:&quot;false&quot;,&quot;hoteller_ext_is_parallax_mouse&quot;:&quot;false&quot;,&quot;hoteller_ext_is_infinite&quot;:&quot;false&quot;,&quot;hoteller_ext_is_fadeout_animation&quot;:&quot;false&quot;,&quot;hoteller_ext_mobile_static&quot;:&quot;false&quot;}\">\n\t\t\t\t\t<div class=\"e-con-inner\">\n\t\t\t\t<div class=\"elementor-element elementor-element-a9137b6 elementor-widget elementor-widget-text-editor\" data-id=\"a9137b6\" data-element_type=\"widget\" data-settings=\"{&quot;hoteller_ext_link_sidemenu&quot;:&quot;false&quot;,&quot;hoteller_ext_link_fullmenu&quot;:&quot;false&quot;,&quot;hoteller_ext_link_closed_fullmenu&quot;:&quot;false&quot;,&quot;hoteller_ext_is_scrollme&quot;:&quot;false&quot;,&quot;hoteller_ext_is_smoove&quot;:&quot;false&quot;,&quot;hoteller_ext_is_parallax_mouse&quot;:&quot;false&quot;,&quot;hoteller_ext_is_infinite&quot;:&quot;false&quot;,&quot;hoteller_ext_is_fadeout_animation&quot;:&quot;false&quot;,&quot;hoteller_ext_mobile_static&quot;:&quot;false&quot;}\" data-widget_type=\"text-editor.default\">\n\t\t\t\t<div class=\"elementor-widget-container\">\n\t\t\t\t\t\t\t\t\t<p>INFORMAZIONI SUL TRATTAMENTO DEI DATI PERSONALI<br \/>degli utenti che consultano il sito web di GALIZIA MICHELE<\/p><p>Articoli 13 e 14 del Regolamento (UE) 2016\/679<\/p><p>(GDPR \u2013 General Data Protection Regulation)<\/p><p>PERCH\u00c9 QUESTE INFORMAZIONI<br \/>Ai sensi degli artt.13 e 14 del Regolamento UE 2016\/679 (GDPR) in materia di protezione delle persone fisiche con riguardo al trattamento dei dati personali, nonch\u00e9 alla libera circolazione di tali dati, in ottemperanza a quanto disposto dal decreto legislativo n.196\/2003 modificato dal decreto legislativo n. 101 del 10 Agosto 2018 recante \u201cDisposizioni per l\u2019adeguamento della normativa nazionale alle disposizioni del GDPR\u201d, in applicazione del Provvedimento del Garante n.229\/2014 su \u201cIndividuazione delle modalit\u00e0 semplificate per l\u00b4informativa e l\u00b4acquisizione del consenso per l\u00b4uso dei cookie \u2013 8 maggio 2014\u201d, si precisa che questa pagina descrive le modalit\u00e0 di gestione del sito web della GALIZIA MICHELE relativamente al trattamento dei dati personali degli utenti che lo consultano e di coloro che interagiscono con i servizi web accessibili per via telematica al seguente indirizzo: https:\/\/www.trullidivenere.it\/<\/p><p>Le presenti informazioni non riguardano altri siti, pagine o servizi online raggiungibili tramite link ipertestuali eventualmente pubblicati nel sito ma riferiti a risorse esterne al dominio della societ\u00e0.<\/p><p>TITOLARE DEL TRATTAMENTO<br \/>A seguito della consultazione del sito sopra indicato, possono essere trattati dati relativi a persone fisiche identificate o identificabili.<br \/>Titolare del trattamento \u00e8 GALIZIA MICHELE con sede legale in Strada Comunale Baccarelli, 6\/a, 70013 &#8211; Castellana Grotte (BA), Italy avente p.iva 06517020720<\/p><p>TIPOLOGIA DI DATI TRATTATI &#8211; FINALIT\u00c0 DEL TRATTAMENTO \u2013 LICEITA\u2019 E BASE GIURIDICA<\/p><p>Dati di navigazione<br \/>I sistemi informatici e le procedure software preposte al funzionamento di questo sito acquisiscono, nel corso del loro normale esercizio, alcuni dati personali la cui trasmissione \u00e8 implicita nell&#8217;uso dei protocolli di comunicazione di Internet.<br \/>In questa categoria di dati rientrano gli indirizzi IP o i nomi a dominio dei computer e dei terminali utilizzati dagli utenti, gli indirizzi in notazione URI\/URL (Uniform Resource Identifier\/Locator) delle risorse richieste, l&#8217;orario della richiesta, il metodo utilizzato nel sottoporre la richiesta al server, la dimensione del file ottenuto in risposta, il codice numerico indicante lo stato della risposta data dal server (buon fine, errore, ecc.) ed altri parametri relativi al sistema operativo e all&#8217;ambiente informatico dell&#8217;utente.<br \/>I dati di navigazione non persistono per pi\u00f9 di sette giorni (salve eventuali necessit\u00e0 di accertamento di reati da parte dell&#8217;Autorit\u00e0 giudiziaria).<\/p><p>Liceit\u00e0 e base giuridica:<br \/>Per l\u2019accertamento di responsabilit\u00e0 in caso di reati informatici ai danni del servizio o dei suoi utilizzatori in relazione ad un legittimo interesse del Titolare del trattamento (art. 6, paragrafo 1, lettera f) del GDPR).<\/p><p>Dati comunicati dall&#8217;utente:<br \/>L&#8217;invio facoltativo, esplicito e volontario di messaggi agli indirizzi di contatto del Titolare del trattamento, i messaggi privati inviati dagli utenti ai profili\/pagine della Societ\u00e0 sui social media, nonch\u00e9 la compilazione e l&#8217;inoltro dei moduli presenti sul sito del Titolare, comportano l&#8217;acquisizione dei dati identificativi e di contatto del mittente (nome, cognome, indirizzo e-mail), necessari ad evadere le richieste di informazioni formulate dagli utenti.<\/p><p>Liceit\u00e0 e base giuridica:<br \/>Per evadere una richiesta formulata dall\u2019Interessato (art. 6, paragrafo 1, lettera b) del GDPR)<\/p><p>Cookie e altri sistemi di tracciamento:<br \/>Viene fatto uso di cookie di sessione (non persistenti) in modo strettamente limitato a quanto necessario per la navigazione sicura ed efficiente del sito. La memorizzazione dei cookie di sessione nei terminali o nei browser \u00e8 sotto il controllo dell&#8217;utente, laddove sui server, al termine delle sessioni HTTPS, informazioni relative ai cookie restano registrate nei log dei servizi, con tempi di conservazione comunque non superiori ai sette giorni al pari degli altri dati di navigazione.<\/p><p>Liceit\u00e0 e base giuridica:<br \/>Per ricavare informazioni statistiche anonime sull&#8217;uso del servizio, controllarne il corretto funzionamento, svolgere attivit\u00e0 di monitoraggio a supporto della sicurezza del servizio e per individuarne le azioni volte al miglioramento dello stesso, in relazione ad un legittimo interesse del Titolare del trattamento (art. 6, paragrafo 1, lettera f) del GDPR).<\/p><p>MODALITA\u2019 DI TRATTAMENTO<br \/>I trattamenti riferiti alle categorie dei dati e connessi ai servizi web di questo sito hanno luogo presso la sede legale della GALIZIA MICHELE e sono curati solo da dipendenti autorizzati al trattamento, oppure dai responsabili del trattamento designati dal titolare. Nessun dato derivante dal servizio web viene diffuso. I dati personali sono trattati con strumenti automatizzati per il tempo strettamente necessario a conseguire gli scopi per cui sono stati raccolti. Specifiche misure di sicurezza fisica, logica e organizzativa sono osservate per prevenire la perdita dei dati, usi illeciti o non corretti e accessi non autorizzati, quali, a titolo esemplificativo e non esaustivo, essendo in continua evoluzione e aggiornamento:<\/p><p>Individuazione del personale autorizzato al trattamento dei dati personali;<br \/>Accesso controllato ai locali di trattamento;<br \/>Uso di credenziali personali da parte degli autorizzati al trattamento digitale dei dati;<br \/>Adozione di sistemi di sicurezza logica centrale e periferica, quali, a titolo esemplificativo e non esaustivo, firewall, antivirus, spam;<br \/>Adozione di sistemi di backup e archiviazione in sicurezza.<\/p><p>DESTINATARI DEI DATI<br \/>I dati raccolti a seguito della consultazione del sito sopra indicato non sono comunicati a terzi eccezion fatta per il fornitore dei servizi di sviluppo e manutenzione della piattaforma web.<\/p><p>FACOLTATIVITA\u2019 DEL CONFERIMENTO DEI DATI<br \/>A parte quanto specificato per i dati di navigazione, l\u2019utente \u00e8 libero di fornire i dati personali indicati nei moduli presenti nella sezione \u201cCONTATTI\u201d per chiedere informazioni. Il loro mancato conferimento comporta l\u2019impossibilit\u00e0 di formulare delle richieste.<\/p><p>DIRITTI DEGLI INTERESSATI &#8211; ARTICOLI DA 15 A 22 DEL REGOLAMENTO UE 2016\/679<br \/>Il soggetto cui si riferiscono i dati personali ha il diritto di:<\/p><p>accedere ai dati personali che lo riguardano per conoscere (trasparenza reattiva): le finalit\u00e0 del trattamento; le categorie dei dati personali; i destinatari della comunicazione dei dati, in particolare se destinatari di paesi terzi o organizzazioni internazionali; ove possibile, il periodo di conservazione dei dati previsti;<br \/>ottenere la rettifica o la cancellazione degli stessi o la limitazione del trattamento che lo riguardano;<br \/>opporsi al trattamento dei dati personali che riguardano; si precisa che il Titolare del trattamento potrebbe dimostrare la prevalenza di propri interessi legittimi cogenti rispetto a tale opposizione;<br \/>revocare il consenso (si precisa che il diritto di revoca del consenso non opera per i casi in cui il trattamento, ad esempio, sia necessario per adempiere un obbligo legale al quale \u00e8 soggetto il Titolare del trattamento);<br \/>proporre reclamo all\u2019autorit\u00e0 di controllo (Garante per la protezione dei dati personali);<br \/>proporre ricorso giurisdizionale.<\/p><p>MODALITA\u2019 ESERCIZIO DIRITTI<br \/>Le richieste devono essere presentate al Titolare del trattamento.<\/p>\t\t\t\t\t\t\t\t<\/div>\n\t\t\t\t<\/div>\n\t\t\t\t\t<\/div>\n\t\t\t\t<\/div>\n\t\t\t\t<\/div>","protected":false},"excerpt":{"rendered":"<p>INFORMAZIONI SUL TRATTAMENTO DEI DATI PERSONALIdegli utenti che consultano il sito web di GALIZIA MICHELE Articoli 13 e 14 del Regolamento (UE) 2016\/679 (GDPR \u2013 General Data Protection Regulation) PERCH\u00c9 QUESTE INFORMAZIONIAi sensi degli artt.13 e 14 del Regolamento UE [&hellip;]<\/p>","protected":false},"author":1,"featured_media":0,"parent":0,"menu_order":0,"comment_status":"closed","ping_status":"closed","template":"","meta":{"footnotes":""},"class_list":["post-1972","page","type-page","status-publish","hentry"],"_links":{"self":[{"href":"https:\/\/www.trullidivenere.it\/en\/wp-json\/wp\/v2\/pages\/1972","targetHints":{"allow":["GET"]}}],"collection":[{"href":"https:\/\/www.trullidivenere.it\/en\/wp-json\/wp\/v2\/pages"}],"about":[{"href":"https:\/\/www.trullidivenere.it\/en\/wp-json\/wp\/v2\/types\/page"}],"author":[{"embeddable":true,"href":"https:\/\/www.trullidivenere.it\/en\/wp-json\/wp\/v2\/users\/1"}],"replies":[{"embeddable":true,"href":"https:\/\/www.trullidivenere.it\/en\/wp-json\/wp\/v2\/comments?post=1972"}],"version-history":[{"count":4,"href":"https:\/\/www.trullidivenere.it\/en\/wp-json\/wp\/v2\/pages\/1972\/revisions"}],"predecessor-version":[{"id":1983,"href":"https:\/\/www.trullidivenere.it\/en\/wp-json\/wp\/v2\/pages\/1972\/revisions\/1983"}],"wp:attachment":[{"href":"https:\/\/www.trullidivenere.it\/en\/wp-json\/wp\/v2\/media?parent=1972"}],"curies":[{"name":"wp","href":"https:\/\/api.w.org\/{rel}","templated":true}]}}